{"id":922,"date":"2024-09-27T15:34:12","date_gmt":"2024-09-27T15:34:12","guid":{"rendered":"https:\/\/vivido-ia.com\/artehibrida\/?page_id=922"},"modified":"2025-04-21T17:29:29","modified_gmt":"2025-04-21T17:29:29","slug":"sobre_mi","status":"publish","type":"page","link":"https:\/\/artehibrida.art\/?page_id=922","title":{"rendered":"Sobre mi"},"content":{"rendered":"\t\t<div data-elementor-type=\"wp-page\" data-elementor-id=\"922\" class=\"elementor elementor-922\">\n\t\t\t\t<div class=\"elementor-element elementor-element-6fca02dd e-flex e-con-boxed e-con e-parent\" data-id=\"6fca02dd\" data-element_type=\"container\" data-settings=\"{&quot;background_background&quot;:&quot;classic&quot;}\">\n\t\t\t\t\t<div class=\"e-con-inner\">\n\t\t\t\t<div class=\"elementor-element elementor-element-a65bc26 elementor-widget elementor-widget-heading\" data-id=\"a65bc26\" data-element_type=\"widget\" data-widget_type=\"heading.default\">\n\t\t\t\t<div class=\"elementor-widget-container\">\n\t\t\t\t\t<h1 class=\"elementor-heading-title elementor-size-default\">Enrique Franco Lizarazo<\/h1>\t\t\t\t<\/div>\n\t\t\t\t<\/div>\n\t\t\t\t\t<\/div>\n\t\t\t\t<\/div>\n\t\t<div class=\"elementor-element elementor-element-84edb75 e-flex e-con-boxed e-con e-parent\" data-id=\"84edb75\" data-element_type=\"container\">\n\t\t\t\t\t<div class=\"e-con-inner\">\n\t\t\t\t<div class=\"elementor-element elementor-element-20e4775 elementor-widget elementor-widget-spacer\" data-id=\"20e4775\" data-element_type=\"widget\" data-widget_type=\"spacer.default\">\n\t\t\t\t<div class=\"elementor-widget-container\">\n\t\t\t\t\t\t\t<div class=\"elementor-spacer\">\n\t\t\t<div class=\"elementor-spacer-inner\"><\/div>\n\t\t<\/div>\n\t\t\t\t\t\t<\/div>\n\t\t\t\t<\/div>\n\t\t\t\t\t<\/div>\n\t\t\t\t<\/div>\n\t\t<div class=\"elementor-element elementor-element-d13c2e1 e-flex e-con-boxed e-con e-parent\" data-id=\"d13c2e1\" data-element_type=\"container\">\n\t\t\t\t\t<div class=\"e-con-inner\">\n\t\t\t\t\t<\/div>\n\t\t\t\t<\/div>\n\t\t<div class=\"elementor-element elementor-element-c14bf56 e-con-full e-flex e-con e-parent\" data-id=\"c14bf56\" data-element_type=\"container\" data-settings=\"{&quot;background_background&quot;:&quot;classic&quot;}\">\n\t\t\t\t<div class=\"elementor-element elementor-element-5ebecf7 elementor-widget__width-initial elementor-widget elementor-widget-text-editor\" data-id=\"5ebecf7\" data-element_type=\"widget\" data-widget_type=\"text-editor.default\">\n\t\t\t\t<div class=\"elementor-widget-container\">\n\t\t\t\t\t\t\t\t\t<p>Artista interdisciplinar en \u00e1reas de creaci\u00f3n como la programaci\u00f3n con c\u00f3digo digital, performance multimedia, arte sonoro, m\u00fasica, desarrollo de interfaces y objetos interactivos.<\/p>\t\t\t\t\t\t\t\t<\/div>\n\t\t\t\t<\/div>\n\t\t<div class=\"elementor-element elementor-element-aa37b61 e-con-full e-flex e-con e-child\" data-id=\"aa37b61\" data-element_type=\"container\" data-settings=\"{&quot;background_background&quot;:&quot;classic&quot;}\">\n\t\t\t\t<div class=\"elementor-element elementor-element-6b37ddd elementor-widget__width-initial elementor-widget-mobile__width-initial elementor-widget elementor-widget-image\" data-id=\"6b37ddd\" data-element_type=\"widget\" data-widget_type=\"image.default\">\n\t\t\t\t<div class=\"elementor-widget-container\">\n\t\t\t\t\t\t\t\t\t\t\t\t\t\t\t<img decoding=\"async\" src=\"https:\/\/artehibrida.art\/wp-content\/uploads\/elementor\/thumbs\/foto-nosotros-quqaj0a01ne8ch8tde2ho7p7racftimhug4ybf1d40.webp\" title=\"foto nosotros\" alt=\"foto nosotros\" loading=\"lazy\" \/>\t\t\t\t\t\t\t\t\t\t\t\t\t\t\t<\/div>\n\t\t\t\t<\/div>\n\t\t<div class=\"elementor-element elementor-element-62be088 e-grid e-con-full elementor-hidden-mobile e-con e-child\" data-id=\"62be088\" data-element_type=\"container\">\n\t\t<div class=\"elementor-element elementor-element-b08cbc1 e-grid e-con-full e-con e-child\" data-id=\"b08cbc1\" data-element_type=\"container\">\n\t\t\t\t<div class=\"elementor-element elementor-element-c60cf99 elementor-widget__width-initial elementor-widget elementor-widget-image\" data-id=\"c60cf99\" data-element_type=\"widget\" data-widget_type=\"image.default\">\n\t\t\t\t<div class=\"elementor-widget-container\">\n\t\t\t\t\t\t\t\t\t\t\t\t\t\t\t\t<a href=\"https:\/\/www.instagram.com\/rugitus2\/\" target=\"_blank\">\n\t\t\t\t\t\t\t<img fetchpriority=\"high\" decoding=\"async\" width=\"1080\" height=\"1080\" src=\"https:\/\/artehibrida.art\/wp-content\/uploads\/2024\/10\/Logo-instragram-1.webp\" class=\"attachment-full size-full wp-image-1897\" alt=\"\" srcset=\"https:\/\/artehibrida.art\/wp-content\/uploads\/2024\/10\/Logo-instragram-1.webp 1080w, https:\/\/artehibrida.art\/wp-content\/uploads\/2024\/10\/Logo-instragram-1-300x300.webp 300w, https:\/\/artehibrida.art\/wp-content\/uploads\/2024\/10\/Logo-instragram-1-1024x1024.webp 1024w, https:\/\/artehibrida.art\/wp-content\/uploads\/2024\/10\/Logo-instragram-1-150x150.webp 150w, https:\/\/artehibrida.art\/wp-content\/uploads\/2024\/10\/Logo-instragram-1-768x768.webp 768w, https:\/\/artehibrida.art\/wp-content\/uploads\/2024\/10\/Logo-instragram-1-600x600.webp 600w, https:\/\/artehibrida.art\/wp-content\/uploads\/2024\/10\/Logo-instragram-1-500x500.webp 500w, https:\/\/artehibrida.art\/wp-content\/uploads\/2024\/10\/Logo-instragram-1-800x800.webp 800w, https:\/\/artehibrida.art\/wp-content\/uploads\/2024\/10\/elementor\/thumbs\/Logo-instragram-1-qw3dtwncfl2ft1m23z899hljiyqvnsl6wkchorv55w.webp 10w, https:\/\/artehibrida.art\/wp-content\/uploads\/2024\/10\/elementor\/thumbs\/Logo-instragram-1-qw3dtwncx4l0g8vjvjkq3x4vxwfj4hvh9a6k5c216c.webp 50w\" sizes=\"(max-width: 1080px) 100vw, 1080px\" \/>\t\t\t\t\t\t\t\t<\/a>\n\t\t\t\t\t\t\t\t\t\t\t\t\t\t\t<\/div>\n\t\t\t\t<\/div>\n\t\t\t\t<div class=\"elementor-element elementor-element-df29f75 elementor-widget elementor-widget-text-editor\" data-id=\"df29f75\" data-element_type=\"widget\" data-widget_type=\"text-editor.default\">\n\t\t\t\t<div class=\"elementor-widget-container\">\n\t\t\t\t\t\t\t\t\t<p><span style=\"color: #333333;\"><a style=\"color: #333333;\" href=\"https:\/\/www.instagram.com\/rugitus2\/\" target=\"_blank\" rel=\"noopener\">@rugitus2<\/a><\/span><\/p>\t\t\t\t\t\t\t\t<\/div>\n\t\t\t\t<\/div>\n\t\t\t\t<\/div>\n\t\t<div class=\"elementor-element elementor-element-11c2997 e-grid e-con-full e-con e-child\" data-id=\"11c2997\" data-element_type=\"container\">\n\t\t\t\t<div class=\"elementor-element elementor-element-7d9f274 elementor-widget__width-initial elementor-widget elementor-widget-image\" data-id=\"7d9f274\" data-element_type=\"widget\" data-widget_type=\"image.default\">\n\t\t\t\t<div class=\"elementor-widget-container\">\n\t\t\t\t\t\t\t\t\t\t\t\t\t\t\t\t<a href=\"https:\/\/vimeo.com\/enriquefranco\" target=\"_blank\">\n\t\t\t\t\t\t\t<img decoding=\"async\" width=\"1080\" height=\"1080\" src=\"https:\/\/artehibrida.art\/wp-content\/uploads\/2024\/10\/Logo-vimeo.webp\" class=\"attachment-full size-full wp-image-1944\" alt=\"\" srcset=\"https:\/\/artehibrida.art\/wp-content\/uploads\/2024\/10\/Logo-vimeo.webp 1080w, https:\/\/artehibrida.art\/wp-content\/uploads\/2024\/10\/Logo-vimeo-300x300.webp 300w, https:\/\/artehibrida.art\/wp-content\/uploads\/2024\/10\/Logo-vimeo-1024x1024.webp 1024w, https:\/\/artehibrida.art\/wp-content\/uploads\/2024\/10\/Logo-vimeo-150x150.webp 150w, https:\/\/artehibrida.art\/wp-content\/uploads\/2024\/10\/Logo-vimeo-768x768.webp 768w, https:\/\/artehibrida.art\/wp-content\/uploads\/2024\/10\/Logo-vimeo-600x600.webp 600w, https:\/\/artehibrida.art\/wp-content\/uploads\/2024\/10\/Logo-vimeo-500x500.webp 500w, https:\/\/artehibrida.art\/wp-content\/uploads\/2024\/10\/Logo-vimeo-800x800.webp 800w\" sizes=\"(max-width: 1080px) 100vw, 1080px\" \/>\t\t\t\t\t\t\t\t<\/a>\n\t\t\t\t\t\t\t\t\t\t\t\t\t\t\t<\/div>\n\t\t\t\t<\/div>\n\t\t\t\t<div class=\"elementor-element elementor-element-2a74968 elementor-widget elementor-widget-text-editor\" data-id=\"2a74968\" data-element_type=\"widget\" data-widget_type=\"text-editor.default\">\n\t\t\t\t<div class=\"elementor-widget-container\">\n\t\t\t\t\t\t\t\t\t<p><span style=\"color: #000000;\"><a style=\"color: #000000;\" href=\"https:\/\/vimeo.com\/enriquefranco\" target=\"_blank\" rel=\"noopener\">Enrique Franco<\/a><\/span><\/p>\t\t\t\t\t\t\t\t<\/div>\n\t\t\t\t<\/div>\n\t\t\t\t<\/div>\n\t\t\t\t<\/div>\n\t\t\t\t<\/div>\n\t\t\t\t<div class=\"elementor-element elementor-element-cfe4977 elementor-widget__width-initial elementor-widget elementor-widget-text-editor\" data-id=\"cfe4977\" data-element_type=\"widget\" data-widget_type=\"text-editor.default\">\n\t\t\t\t<div class=\"elementor-widget-container\">\n\t\t\t\t\t\t\t\t\t<p>Dise\u00f1ador de la Universidad Nacional de Colombia, Mag\u00edster en Artes Digitales de la Universidad Pompeu Fabra de Barcelona y Mag\u00edster en Ciencias de la Universidad de Limerick en Irlanda. Graduado de doctorado del programa Multidisciplinar de P\u00f3s-gradua\u00e7\u00e3o em Cultura e Sociedade en la Universidad Federal de Bah\u00eda (UFBA), Brasil, en la l\u00ednea de investigaci\u00f3n en Cultura y Arte.<\/p><p>Ha sido artista en residencia en el Centro Multimedia &#8211; CENART en M\u00e9xico, en la Universidad Nacional de Colombia y con el Grupo Fromms en Duisburg, Alemania. Ha sido asistente de investigaci\u00f3n en el Interaction Design Centre de la Universidad de Limerick en Irlanda, profesor del programa de Dise\u00f1o de Medios Interactivos en la Universidad Icesi, del departamento de Dise\u00f1o de la Universidad de los Andes y del departamento de Est\u00e9tica de la Universidad Javeriana en Colombia. Actualmente trabaja como docente e investigador en la Facultad de Artes-ASAB de la Universidad Distrital Francisco Jos\u00e9 de Caldas, adem\u00e1s desarrolla proyectos art\u00edsticos y laboratorios de arte y tecnolog\u00eda.<\/p><p>Ha realizado diversas obras audiovisuales y presentaciones con artistas como Zachary Lieberman (USA), Bruno Rohde, Andrea May y Karla Brunet (Brasil), los artistas sonoros Mauricio Bejarano (Colombia), Roberto Garc\u00eda (Colombia) y con el Colectivo PLUG de Colombia. Ha realizado estudios de teor\u00eda musical e instrumentos, compositor y guitarrista en grupos de rock como La Tina, Melange y Los Aparecidos.<\/p><p>Su trabajo art\u00edstico y de investigaci\u00f3n ha sido presentado en festivales y conferencias internacionales en Am\u00e9rica, Europa y Jap\u00f3n como: el festival Akzente en Duisburg-Alemania, TTT Demo Day &amp; Skin Symposium en el MIT Media Lab en Cambridge-MA (USA), Festival de Rock al Parque 1997 (Colombia), la Conferencia Internacional New Interfaces for Musical Expression-NIME02 en Dubl\u00edn-Irlanda, NIME04 en Hamamatsu-Jap\u00f3n, NIME06 en Par\u00eds-Francia, las muestras de artes electr\u00f3nicas Artr\u00f3nica y Tele-visi\u00f3n en Bogot\u00e1-Colombia, el Festival Internacional de la Imagen en Manizales, Feria Internacional de Arte de Bogot\u00e1 \u2013 ARTBO, la IX Bienal de Arte de Bogot\u00e1, Mobility Fest, Festival Internacional de Cine y TV de Cartagena-Colombia, Dorkbot (M\u00e9xico, Colombia, Brasil), Segunda Muestra de Arte Iberoamericano en M\u00e9xico, Tercer Festival Internacional de Cine de Cali, Noise INVADE (Brasil, Portugal), Festival Internacional de Linguagem Eletr\u00f4nica-FILE 2015, 15.ART, Dominicaos, Low-Fi (Brasil), International Symposium on Electronics Arts &#8211; ISEA2017, Simposio Latinoamericano de Arte Medi\u00e1tico &#8211; SLAM (Colombia).<\/p>\t\t\t\t\t\t\t\t<\/div>\n\t\t\t\t<\/div>\n\t\t\t\t<\/div>\n\t\t\t\t<\/div>\n\t\t","protected":false},"excerpt":{"rendered":"<p>Enrique Franco Lizarazo Artista interdisciplinar en \u00e1reas de creaci\u00f3n como la programaci\u00f3n con c\u00f3digo digital, performance multimedia, arte sonoro, m\u00fasica, desarrollo de interfaces y objetos interactivos. @rugitus2 Enrique Franco Dise\u00f1ador de la Universidad Nacional de Colombia, Mag\u00edster en Artes Digitales de la Universidad Pompeu Fabra de Barcelona y Mag\u00edster en Ciencias de la Universidad de [&hellip;]<\/p>\n","protected":false},"author":1,"featured_media":0,"parent":0,"menu_order":0,"comment_status":"closed","ping_status":"closed","template":"","meta":{"om_disable_all_campaigns":false,"_monsterinsights_skip_tracking":false,"_monsterinsights_sitenote_active":false,"_monsterinsights_sitenote_note":"","_monsterinsights_sitenote_category":0,"ocean_post_layout":"","ocean_both_sidebars_style":"","ocean_both_sidebars_content_width":0,"ocean_both_sidebars_sidebars_width":0,"ocean_sidebar":"","ocean_second_sidebar":"","ocean_disable_margins":"enable","ocean_add_body_class":"","ocean_shortcode_before_top_bar":"","ocean_shortcode_after_top_bar":"","ocean_shortcode_before_header":"","ocean_shortcode_after_header":"","ocean_has_shortcode":"","ocean_shortcode_after_title":"","ocean_shortcode_before_footer_widgets":"","ocean_shortcode_after_footer_widgets":"","ocean_shortcode_before_footer_bottom":"","ocean_shortcode_after_footer_bottom":"","ocean_display_top_bar":"default","ocean_display_header":"default","ocean_header_style":"","ocean_center_header_left_menu":"","ocean_custom_header_template":"","ocean_custom_logo":0,"ocean_custom_retina_logo":0,"ocean_custom_logo_max_width":0,"ocean_custom_logo_tablet_max_width":0,"ocean_custom_logo_mobile_max_width":0,"ocean_custom_logo_max_height":0,"ocean_custom_logo_tablet_max_height":0,"ocean_custom_logo_mobile_max_height":0,"ocean_header_custom_menu":"","ocean_menu_typo_font_family":"","ocean_menu_typo_font_subset":"","ocean_menu_typo_font_size":0,"ocean_menu_typo_font_size_tablet":0,"ocean_menu_typo_font_size_mobile":0,"ocean_menu_typo_font_size_unit":"px","ocean_menu_typo_font_weight":"","ocean_menu_typo_font_weight_tablet":"","ocean_menu_typo_font_weight_mobile":"","ocean_menu_typo_transform":"","ocean_menu_typo_transform_tablet":"","ocean_menu_typo_transform_mobile":"","ocean_menu_typo_line_height":0,"ocean_menu_typo_line_height_tablet":0,"ocean_menu_typo_line_height_mobile":0,"ocean_menu_typo_line_height_unit":"","ocean_menu_typo_spacing":0,"ocean_menu_typo_spacing_tablet":0,"ocean_menu_typo_spacing_mobile":0,"ocean_menu_typo_spacing_unit":"","ocean_menu_link_color":"","ocean_menu_link_color_hover":"","ocean_menu_link_color_active":"","ocean_menu_link_background":"","ocean_menu_link_hover_background":"","ocean_menu_link_active_background":"","ocean_menu_social_links_bg":"","ocean_menu_social_hover_links_bg":"","ocean_menu_social_links_color":"","ocean_menu_social_hover_links_color":"","ocean_disable_title":"default","ocean_disable_heading":"default","ocean_post_title":"","ocean_post_subheading":"","ocean_post_title_style":"","ocean_post_title_background_color":"","ocean_post_title_background":0,"ocean_post_title_bg_image_position":"","ocean_post_title_bg_image_attachment":"","ocean_post_title_bg_image_repeat":"","ocean_post_title_bg_image_size":"","ocean_post_title_height":0,"ocean_post_title_bg_overlay":0.5,"ocean_post_title_bg_overlay_color":"","ocean_disable_breadcrumbs":"default","ocean_breadcrumbs_color":"","ocean_breadcrumbs_separator_color":"","ocean_breadcrumbs_links_color":"","ocean_breadcrumbs_links_hover_color":"","ocean_display_footer_widgets":"default","ocean_display_footer_bottom":"default","ocean_custom_footer_template":"","_vp_format_video_url":"","_vp_image_focal_point":[],"footnotes":""},"class_list":["post-922","page","type-page","status-publish","hentry","entry"],"aioseo_notices":[],"post_mailing_queue_ids":[],"_links":{"self":[{"href":"https:\/\/artehibrida.art\/index.php?rest_route=\/wp\/v2\/pages\/922","targetHints":{"allow":["GET"]}}],"collection":[{"href":"https:\/\/artehibrida.art\/index.php?rest_route=\/wp\/v2\/pages"}],"about":[{"href":"https:\/\/artehibrida.art\/index.php?rest_route=\/wp\/v2\/types\/page"}],"author":[{"embeddable":true,"href":"https:\/\/artehibrida.art\/index.php?rest_route=\/wp\/v2\/users\/1"}],"replies":[{"embeddable":true,"href":"https:\/\/artehibrida.art\/index.php?rest_route=%2Fwp%2Fv2%2Fcomments&post=922"}],"version-history":[{"count":21,"href":"https:\/\/artehibrida.art\/index.php?rest_route=\/wp\/v2\/pages\/922\/revisions"}],"predecessor-version":[{"id":3545,"href":"https:\/\/artehibrida.art\/index.php?rest_route=\/wp\/v2\/pages\/922\/revisions\/3545"}],"wp:attachment":[{"href":"https:\/\/artehibrida.art\/index.php?rest_route=%2Fwp%2Fv2%2Fmedia&parent=922"}],"curies":[{"name":"wp","href":"https:\/\/api.w.org\/{rel}","templated":true}]}}